{"id":38,"date":"2024-03-03T22:14:57","date_gmt":"2024-03-03T22:14:57","guid":{"rendered":"https:\/\/eurometaldemexico.com\/index.php\/our-story\/"},"modified":"2024-11-15T18:43:11","modified_gmt":"2024-11-15T18:43:11","slug":"nosotros","status":"publish","type":"page","link":"https:\/\/eurometaldemexico.com\/index.php\/nosotros\/","title":{"rendered":"Nosotros"},"content":{"rendered":"\t\t<div data-elementor-type=\"wp-page\" data-elementor-id=\"38\" class=\"elementor elementor-38\" data-elementor-post-type=\"page\">\n\t\t\t\t<div class=\"elementor-element elementor-element-6ef0f5c e-con-full e-flex wpr-particle-no wpr-jarallax-no wpr-parallax-no wpr-sticky-section-no wpr-equal-height-no e-con e-parent\" data-id=\"6ef0f5c\" data-element_type=\"container\" data-settings=\"{&quot;background_background&quot;:&quot;classic&quot;}\">\n\t\t<div class=\"elementor-element elementor-element-aafc788 e-con-full e-flex wpr-particle-no wpr-jarallax-no wpr-parallax-no wpr-sticky-section-no wpr-equal-height-no e-con e-child\" data-id=\"aafc788\" data-element_type=\"container\">\n\t\t\t\t<div class=\"elementor-element elementor-element-43de5d0 elementor-widget elementor-widget-image\" data-id=\"43de5d0\" data-element_type=\"widget\" data-widget_type=\"image.default\">\n\t\t\t\t<div class=\"elementor-widget-container\">\n\t\t\t\t\t\t\t\t\t\t\t\t\t\t\t<img fetchpriority=\"high\" decoding=\"async\" width=\"1024\" height=\"333\" src=\"https:\/\/eurometaldemexico.com\/wp-content\/uploads\/2024\/03\/EMT-GRIS-2-01-1024x768-2.png\" class=\"attachment-full size-full wp-image-848\" alt=\"\" \/>\t\t\t\t\t\t\t\t\t\t\t\t\t\t\t<\/div>\n\t\t\t\t<\/div>\n\t\t\t\t<\/div>\n\t\t<div class=\"elementor-element elementor-element-a2c62c9 e-con-full e-flex wpr-particle-no wpr-jarallax-no wpr-parallax-no wpr-sticky-section-no wpr-equal-height-no e-con e-child\" data-id=\"a2c62c9\" data-element_type=\"container\" data-settings=\"{&quot;background_background&quot;:&quot;classic&quot;}\">\n\t\t\t\t<div class=\"elementor-element elementor-element-d313046 wpr-main-menu-align-center elementor-widget__width-inherit wpr-pointer-overline wpr-nav-menu-bp-tablet wpr-main-menu-align--tabletleft wpr-main-menu-align--mobileleft wpr-pointer-line-fx wpr-pointer-fx-fade wpr-sub-icon-caret-down wpr-sub-menu-fx-fade wpr-mobile-menu-full-width wpr-mobile-menu-item-align-center wpr-mobile-toggle-v1 wpr-mobile-divider-yes elementor-widget elementor-widget-wpr-nav-menu\" data-id=\"d313046\" data-element_type=\"widget\" data-settings=\"{&quot;menu_layout&quot;:&quot;horizontal&quot;}\" data-widget_type=\"wpr-nav-menu.default\">\n\t\t\t\t<div class=\"elementor-widget-container\">\n\t\t\t\t\t<nav class=\"wpr-nav-menu-container wpr-nav-menu-horizontal\" data-trigger=\"hover\" data-consider-header=\"\" data-scroll-speed=\"500\"><ul id=\"menu-1-d313046\" class=\"wpr-nav-menu\"><li class=\"menu-item menu-item-type-post_type menu-item-object-page menu-item-home menu-item-47\"><a href=\"https:\/\/eurometaldemexico.com\/\" class=\"wpr-menu-item wpr-pointer-item\">Inicio<\/a><\/li>\n<li class=\"menu-item menu-item-type-post_type menu-item-object-page menu-item-301\"><a href=\"https:\/\/eurometaldemexico.com\/index.php\/nosotros\/\" class=\"wpr-menu-item wpr-pointer-item\">\u00bfQui\u00e9nes Somos?<\/a><\/li>\n<li class=\"menu-item menu-item-type-post_type menu-item-object-page menu-item-has-children menu-item-300\"><a aria-haspopup=\"true\" aria-expanded=\"false\" href=\"https:\/\/eurometaldemexico.com\/index.php\/solucionesyservicios\/\" class=\"wpr-menu-item wpr-pointer-item\">Soluciones y Servicios<i class=\"wpr-sub-icon fas\" aria-hidden=\"true\"><\/i><\/a>\n<ul class=\"sub-menu wpr-sub-menu\">\n\t<li class=\"menu-item menu-item-type-post_type menu-item-object-page menu-item-601\"><a href=\"https:\/\/eurometaldemexico.com\/index.php\/productos\/\" class=\"wpr-sub-menu-item\">Productos<\/a><\/li>\n\t<li class=\"menu-item menu-item-type-post_type menu-item-object-page menu-item-1756\"><a href=\"https:\/\/eurometaldemexico.com\/index.php\/informacion\/\" class=\"wpr-sub-menu-item\">Informaci\u00f3n<\/a><\/li>\n<\/ul>\n<\/li>\n<li class=\"menu-item menu-item-type-post_type menu-item-object-page menu-item-49\"><a href=\"https:\/\/eurometaldemexico.com\/index.php\/contacto\/\" class=\"wpr-menu-item wpr-pointer-item\">Contacto<\/a><\/li>\n<\/ul><\/nav><nav class=\"wpr-mobile-nav-menu-container\"><div class=\"wpr-mobile-toggle-wrap\"><div class=\"wpr-mobile-toggle\"><span class=\"wpr-mobile-toggle-line\"><\/span><span class=\"wpr-mobile-toggle-line\"><\/span><span class=\"wpr-mobile-toggle-line\"><\/span><\/div><\/div><ul id=\"mobile-menu-2-d313046\" class=\"wpr-mobile-nav-menu\"><li class=\"menu-item menu-item-type-post_type menu-item-object-page menu-item-home menu-item-47\"><a href=\"https:\/\/eurometaldemexico.com\/\" class=\"wpr-mobile-menu-item\">Inicio<\/a><\/li>\n<li class=\"menu-item menu-item-type-post_type menu-item-object-page menu-item-301\"><a href=\"https:\/\/eurometaldemexico.com\/index.php\/nosotros\/\" class=\"wpr-mobile-menu-item\">\u00bfQui\u00e9nes Somos?<\/a><\/li>\n<li class=\"menu-item menu-item-type-post_type menu-item-object-page menu-item-has-children menu-item-300\"><a href=\"https:\/\/eurometaldemexico.com\/index.php\/solucionesyservicios\/\" class=\"wpr-mobile-menu-item\">Soluciones y Servicios<\/a>\n<ul class=\"sub-menu wpr-sub-menu\">\n\t<li class=\"menu-item menu-item-type-post_type menu-item-object-page menu-item-601\"><a href=\"https:\/\/eurometaldemexico.com\/index.php\/productos\/\" class=\"wpr-mobile-sub-menu-item\">Productos<\/a><\/li>\n\t<li class=\"menu-item menu-item-type-post_type menu-item-object-page menu-item-1756\"><a href=\"https:\/\/eurometaldemexico.com\/index.php\/informacion\/\" class=\"wpr-mobile-sub-menu-item\">Informaci\u00f3n<\/a><\/li>\n<\/ul>\n<\/li>\n<li class=\"menu-item menu-item-type-post_type menu-item-object-page menu-item-49\"><a href=\"https:\/\/eurometaldemexico.com\/index.php\/contacto\/\" class=\"wpr-mobile-menu-item\">Contacto<\/a><\/li>\n<\/ul><\/nav>\t\t\t\t<\/div>\n\t\t\t\t<\/div>\n\t\t\t\t<\/div>\n\t\t<div class=\"elementor-element elementor-element-f10f830 e-con-full e-flex wpr-particle-no wpr-jarallax-no wpr-parallax-no wpr-sticky-section-no wpr-equal-height-no e-con e-child\" data-id=\"f10f830\" data-element_type=\"container\" data-settings=\"{&quot;background_background&quot;:&quot;classic&quot;}\">\n\t\t\t\t<div class=\"elementor-element elementor-element-f6d825a elementor-align-center elementor-widget elementor-widget-button\" data-id=\"f6d825a\" data-element_type=\"widget\" data-widget_type=\"button.default\">\n\t\t\t\t<div class=\"elementor-widget-container\">\n\t\t\t\t\t\t\t\t\t<div class=\"elementor-button-wrapper\">\n\t\t\t\t\t<a class=\"elementor-button elementor-button-link elementor-size-sm\" href=\"https:\/\/eurometaldemexico.com\/index.php\/contacto\/\">\n\t\t\t\t\t\t<span class=\"elementor-button-content-wrapper\">\n\t\t\t\t\t\t\t\t\t<span class=\"elementor-button-text\">Cotiza tu servicio<\/span>\n\t\t\t\t\t<\/span>\n\t\t\t\t\t<\/a>\n\t\t\t\t<\/div>\n\t\t\t\t\t\t\t\t<\/div>\n\t\t\t\t<\/div>\n\t\t\t\t<\/div>\n\t\t\t\t<\/div>\n\t\t<div class=\"elementor-element elementor-element-47a8853c e-con-full e-flex wpr-particle-no wpr-jarallax-no wpr-parallax-no wpr-sticky-section-no wpr-equal-height-no e-con e-parent\" data-id=\"47a8853c\" data-element_type=\"container\" data-settings=\"{&quot;background_background&quot;:&quot;classic&quot;}\">\n\t\t<div class=\"elementor-element elementor-element-8734fb e-flex e-con-boxed wpr-particle-no wpr-jarallax-no wpr-parallax-no wpr-sticky-section-no wpr-equal-height-no e-con e-child\" data-id=\"8734fb\" data-element_type=\"container\">\n\t\t\t\t\t<div class=\"e-con-inner\">\n\t\t\t\t<div class=\"elementor-element elementor-element-3fd0410 elementor-widget elementor-widget-heading\" data-id=\"3fd0410\" data-element_type=\"widget\" data-widget_type=\"heading.default\">\n\t\t\t\t<div class=\"elementor-widget-container\">\n\t\t\t\t\t<h1 class=\"elementor-heading-title elementor-size-default\">Nuestra Historia<\/h1>\t\t\t\t<\/div>\n\t\t\t\t<\/div>\n\t\t\t\t<div class=\"elementor-element elementor-element-662ba29b elementor-invisible elementor-widget elementor-widget-text-editor\" data-id=\"662ba29b\" data-element_type=\"widget\" data-settings=\"{&quot;_animation&quot;:&quot;fadeIn&quot;,&quot;_animation_delay&quot;:400}\" data-widget_type=\"text-editor.default\">\n\t\t\t\t<div class=\"elementor-widget-container\">\n\t\t\t\t\t\t\t\t\t<p>Somos una empresa de ingenier\u00eda especializada en la fabricaci\u00f3n de productos de alto valor constructivo.<\/p><p>Participamos en la construcci\u00f3n y\/o reparaci\u00f3n de todo tipo de estructuras de concreto como: puentes, edificios, trabes, presas, t\u00faneles, pilas, muros descendentes, taludes.<\/p>\t\t\t\t\t\t\t\t<\/div>\n\t\t\t\t<\/div>\n\t\t\t\t\t<\/div>\n\t\t\t\t<\/div>\n\t\t\t\t<\/div>\n\t\t<div class=\"elementor-element elementor-element-243b162b e-con-full e-flex wpr-particle-no wpr-jarallax-no wpr-parallax-no wpr-sticky-section-no wpr-equal-height-no e-con e-parent\" data-id=\"243b162b\" data-element_type=\"container\" data-settings=\"{&quot;background_background&quot;:&quot;classic&quot;}\">\n\t\t<div class=\"elementor-element elementor-element-46fd6c19 e-con-full e-flex wpr-particle-no wpr-jarallax-no wpr-parallax-no wpr-sticky-section-no wpr-equal-height-no e-con e-child\" data-id=\"46fd6c19\" data-element_type=\"container\">\n\t\t\t\t<div class=\"elementor-element elementor-element-642346c5 elementor-widget elementor-widget-heading\" data-id=\"642346c5\" data-element_type=\"widget\" data-widget_type=\"heading.default\">\n\t\t\t\t<div class=\"elementor-widget-container\">\n\t\t\t\t\t<h2 class=\"elementor-heading-title elementor-size-default\">Nuestra Misi\u00f3n<\/h2>\t\t\t\t<\/div>\n\t\t\t\t<\/div>\n\t\t\t\t<div class=\"elementor-element elementor-element-14575f6a elementor-widget__width-initial elementor-widget-mobile__width-inherit elementor-widget elementor-widget-text-editor\" data-id=\"14575f6a\" data-element_type=\"widget\" data-widget_type=\"text-editor.default\">\n\t\t\t\t<div class=\"elementor-widget-container\">\n\t\t\t\t\t\t\t\t\t<p>Nuestra misi\u00f3n es ser el principal proveedor de materiales para construcci\u00f3n en M\u00e9xico, especializados en productos de preesfuerzo y tecnolog\u00edas innovadoras. Nos comprometemos a ofrecer a nuestros clientes productos de la m\u00e1s alta calidad, asesoramiento experto y soluciones personalizadas que contribuyan al \u00e9xito de sus proyectos de construcci\u00f3n.<\/p>\t\t\t\t\t\t\t\t<\/div>\n\t\t\t\t<\/div>\n\t\t\t\t<\/div>\n\t\t\t\t<\/div>\n\t\t<div class=\"elementor-element elementor-element-921dd28 e-con-full e-flex wpr-particle-no wpr-jarallax-no wpr-parallax-no wpr-sticky-section-no wpr-equal-height-no e-con e-parent\" data-id=\"921dd28\" data-element_type=\"container\" data-settings=\"{&quot;background_background&quot;:&quot;classic&quot;}\">\n\t\t<div class=\"elementor-element elementor-element-b9abd04 e-con-full e-flex wpr-particle-no wpr-jarallax-no wpr-parallax-no wpr-sticky-section-no wpr-equal-height-no e-con e-child\" data-id=\"b9abd04\" data-element_type=\"container\">\n\t\t\t\t<div class=\"elementor-element elementor-element-99b8652 elementor-widget elementor-widget-heading\" data-id=\"99b8652\" data-element_type=\"widget\" data-widget_type=\"heading.default\">\n\t\t\t\t<div class=\"elementor-widget-container\">\n\t\t\t\t\t<h1 class=\"elementor-heading-title elementor-size-default\">Nuestra<br>Visi\u00f3n<\/h1>\t\t\t\t<\/div>\n\t\t\t\t<\/div>\n\t\t\t\t<div class=\"elementor-element elementor-element-a59f771 elementor-invisible elementor-widget elementor-widget-text-editor\" data-id=\"a59f771\" data-element_type=\"widget\" data-settings=\"{&quot;_animation&quot;:&quot;fadeIn&quot;,&quot;_animation_delay&quot;:400}\" data-widget_type=\"text-editor.default\">\n\t\t\t\t<div class=\"elementor-widget-container\">\n\t\t\t\t\t\t\t\t\t<p>Aspiramos a ser reconocidos como l\u00edderes en la industria de distribuci\u00f3n de materiales para construcci\u00f3n, siendo referentes en innovaci\u00f3n, calidad y servicio al cliente. Buscamos expandir nuestra presencia a nivel nacional, estableciendo alianzas estrat\u00e9gicas y adapt\u00e1ndonos constantemente a las necesidades cambiantes del mercado y de nuestros clientes.<\/p>\t\t\t\t\t\t\t\t<\/div>\n\t\t\t\t<\/div>\n\t\t\t\t<\/div>\n\t\t\t\t<\/div>\n\t\t<div class=\"elementor-element elementor-element-da99755 e-con-full e-flex wpr-particle-no wpr-jarallax-no wpr-parallax-no wpr-sticky-section-no wpr-equal-height-no e-con e-parent\" data-id=\"da99755\" data-element_type=\"container\" data-settings=\"{&quot;background_background&quot;:&quot;classic&quot;}\">\n\t\t<div class=\"elementor-element elementor-element-b424c6a e-con-full e-flex wpr-particle-no wpr-jarallax-no wpr-parallax-no wpr-sticky-section-no wpr-equal-height-no e-con e-child\" data-id=\"b424c6a\" data-element_type=\"container\">\n\t\t\t\t<div class=\"elementor-element elementor-element-63e40eb elementor-widget elementor-widget-heading\" data-id=\"63e40eb\" data-element_type=\"widget\" data-widget_type=\"heading.default\">\n\t\t\t\t<div class=\"elementor-widget-container\">\n\t\t\t\t\t<h2 class=\"elementor-heading-title elementor-size-default\">Valores<\/h2>\t\t\t\t<\/div>\n\t\t\t\t<\/div>\n\t\t\t\t<div class=\"elementor-element elementor-element-5824a11 elementor-widget__width-initial elementor-widget-mobile__width-inherit elementor-widget elementor-widget-text-editor\" data-id=\"5824a11\" data-element_type=\"widget\" data-widget_type=\"text-editor.default\">\n\t\t\t\t<div class=\"elementor-widget-container\">\n\t\t\t\t\t\t\t\t\t<h5><b>Calidad<\/b><\/h5><p>Nos comprometemos a ofrecer productos y servicios de la m\u00e1s alta calidad, garantizando la satisfacci\u00f3n y confianza de nuestros clientes.<\/p><h5><strong>Innovaci\u00f3n<\/strong><\/h5><p>Buscamos constantemente nuevas tecnolog\u00edas y soluciones para mejorar nuestros productos y servicios, y ofrecer a nuestros clientes las mejores opciones disponibles en el mercado.<\/p><h5><strong>Integridad<\/strong><\/h5><p>Actuamos con honestidad, transparencia y \u00e9tica en todas nuestras operaciones y relaciones comerciales.<\/p><h5><strong>Compromiso<\/strong><\/h5><p>Estamos comprometidos con el \u00e9xito de nuestros clientes, brindando asesoramiento experto y soluciones personalizadas que se adapten a sus necesidades espec\u00edficas.<\/p><h5><strong>Colaboraci\u00f3n<\/strong><\/h5><p>Fomentamos el trabajo en equipo y la colaboraci\u00f3n interna y externa para alcanzar objetivos comunes y generar un impacto positivo en la industria de la construcci\u00f3n.<\/p><h5><strong>Responsabilidad Social y Ambiental<\/strong><\/h5><p>Nos preocupamos por el bienestar de la sociedad y el medio ambiente, adoptando pr\u00e1cticas sostenibles y contribuyendo al desarrollo sostenible de nuestras comunidades.<\/p>\t\t\t\t\t\t\t\t<\/div>\n\t\t\t\t<\/div>\n\t\t\t\t<\/div>\n\t\t\t\t<\/div>\n\t\t\t\t<\/div>\n\t\t","protected":false},"excerpt":{"rendered":"<p>Inicio \u00bfQui\u00e9nes Somos? Soluciones y Servicios Productos Informaci\u00f3n Contacto Inicio \u00bfQui\u00e9nes Somos? Soluciones y Servicios Productos Informaci\u00f3n Contacto Cotiza tu servicio Nuestra Historia Somos una empresa de ingenier\u00eda especializada en la fabricaci\u00f3n de productos de alto valor constructivo. Participamos en la construcci\u00f3n y\/o reparaci\u00f3n de todo tipo de estructuras de concreto como: puentes, edificios, trabes, presas, t\u00faneles, pilas, muros descendentes, taludes. Nuestra Misi\u00f3n Nuestra misi\u00f3n es ser el principal proveedor de materiales para construcci\u00f3n en M\u00e9xico, especializados en productos de preesfuerzo y tecnolog\u00edas innovadoras. Nos comprometemos a ofrecer a nuestros clientes productos de la m\u00e1s alta calidad, asesoramiento experto y soluciones personalizadas que contribuyan al \u00e9xito de sus proyectos de construcci\u00f3n. NuestraVisi\u00f3n Aspiramos a ser reconocidos como l\u00edderes en la industria de distribuci\u00f3n de materiales para construcci\u00f3n, siendo referentes en innovaci\u00f3n, calidad y servicio al cliente. Buscamos expandir nuestra presencia a nivel nacional, estableciendo alianzas estrat\u00e9gicas y adapt\u00e1ndonos constantemente a las necesidades cambiantes del mercado y de nuestros clientes. Valores Calidad Nos comprometemos a ofrecer productos y servicios de la m\u00e1s alta calidad, garantizando la satisfacci\u00f3n y confianza de nuestros clientes. Innovaci\u00f3n Buscamos constantemente nuevas tecnolog\u00edas y soluciones para mejorar nuestros productos y servicios, y ofrecer a nuestros clientes las mejores opciones disponibles en el mercado. Integridad Actuamos con honestidad, transparencia y \u00e9tica en todas nuestras operaciones y relaciones comerciales. Compromiso Estamos comprometidos con el \u00e9xito de nuestros clientes, brindando asesoramiento experto y soluciones personalizadas que se adapten a sus necesidades espec\u00edficas. Colaboraci\u00f3n Fomentamos el trabajo en equipo y la colaboraci\u00f3n interna y externa para alcanzar objetivos comunes y generar un impacto positivo en la industria de la construcci\u00f3n. Responsabilidad Social y Ambiental Nos preocupamos por el bienestar de la sociedad y el medio ambiente, adoptando pr\u00e1cticas sostenibles y contribuyendo al desarrollo sostenible de nuestras comunidades.<\/p>\n","protected":false},"author":1,"featured_media":0,"parent":0,"menu_order":0,"comment_status":"closed","ping_status":"closed","template":"elementor_header_footer","meta":{"om_disable_all_campaigns":false,"_monsterinsights_skip_tracking":false,"_monsterinsights_sitenote_active":false,"_monsterinsights_sitenote_note":"","_monsterinsights_sitenote_category":0,"footnotes":""},"aioseo_notices":[],"_links":{"self":[{"href":"https:\/\/eurometaldemexico.com\/index.php\/wp-json\/wp\/v2\/pages\/38"}],"collection":[{"href":"https:\/\/eurometaldemexico.com\/index.php\/wp-json\/wp\/v2\/pages"}],"about":[{"href":"https:\/\/eurometaldemexico.com\/index.php\/wp-json\/wp\/v2\/types\/page"}],"author":[{"embeddable":true,"href":"https:\/\/eurometaldemexico.com\/index.php\/wp-json\/wp\/v2\/users\/1"}],"replies":[{"embeddable":true,"href":"https:\/\/eurometaldemexico.com\/index.php\/wp-json\/wp\/v2\/comments?post=38"}],"version-history":[{"count":87,"href":"https:\/\/eurometaldemexico.com\/index.php\/wp-json\/wp\/v2\/pages\/38\/revisions"}],"predecessor-version":[{"id":1845,"href":"https:\/\/eurometaldemexico.com\/index.php\/wp-json\/wp\/v2\/pages\/38\/revisions\/1845"}],"wp:attachment":[{"href":"https:\/\/eurometaldemexico.com\/index.php\/wp-json\/wp\/v2\/media?parent=38"}],"curies":[{"name":"wp","href":"https:\/\/api.w.org\/{rel}","templated":true}]}}